{"id":2528,"date":"2022-11-04T14:37:46","date_gmt":"2022-11-04T17:37:46","guid":{"rendered":"https:\/\/topservicerj.com.br\/?page_id=2528"},"modified":"2022-11-11T10:53:03","modified_gmt":"2022-11-11T13:53:03","slug":"auxiliar-de-servicos-gerais","status":"publish","type":"page","link":"https:\/\/topservicerj.com.br\/?page_id=2528","title":{"rendered":"Auxiliar de Servi\u00e7os Gerais"},"content":{"rendered":"\t\t<div data-elementor-type=\"wp-page\" data-elementor-id=\"2528\" class=\"elementor elementor-2528\">\n\t\t\t\t\t\t\t<div class=\"elementor-element elementor-element-29771ce e-container--column e-container\" data-id=\"29771ce\" data-element_type=\"container\">\t\t\t\t<div class=\"elementor-element elementor-element-cd5de5f ha-layout-block ha-align-left elementor-widget elementor-widget-ha-advanced-heading happy-addon ha-advanced-heading happy-addon-pro\" data-id=\"cd5de5f\" data-element_type=\"widget\" data-widget_type=\"ha-advanced-heading.default\">\n\t\t\t\t<div class=\"elementor-widget-container\">\n\t\t\t\n\t\t<h2 class=\"ha-advanced-heading-tag\">\n\t\t\t\t\t\t<div class=\"ha-advanced-heading-wrap\" data-background-text=\"OCUPA\u00c7\u00c3O\">\n\t\t\t\t<span class=\"ha-advanced-heading-before\">O que faz um <\/span>\n\t\t\t\t<span class=\"ha-advanced-heading-center\">Auxiliar de Servi\u00e7os Gerais<\/span>\n\t\t\t\t<span class=\"ha-advanced-heading-after\">TOP SERVICE<\/span>\n\t\t\t\t<span class=\"ha-advanced-heading-border\"><\/span>\n\t\t\t<\/div>\n\t\t\t\t\t<\/h2>\n\n\t\t\t\t<\/div>\n\t\t\t\t<\/div>\n\t\t<\/div><div class=\"elementor-element elementor-element-c9efa6e e-container--column e-container\" data-id=\"c9efa6e\" data-element_type=\"container\">\t\t\t\t<div class=\"elementor-element elementor-element-7646c6e elementor-widget elementor-widget-text-editor\" data-id=\"7646c6e\" data-element_type=\"widget\" data-widget_type=\"text-editor.default\">\n\t\t\t\t<div class=\"elementor-widget-container\">\n\t\t\t<style>\/*! elementor - v3.7.7 - 20-09-2022 *\/\n.elementor-widget-text-editor.elementor-drop-cap-view-stacked .elementor-drop-cap{background-color:#818a91;color:#fff}.elementor-widget-text-editor.elementor-drop-cap-view-framed .elementor-drop-cap{color:#818a91;border:3px solid;background-color:transparent}.elementor-widget-text-editor:not(.elementor-drop-cap-view-default) .elementor-drop-cap{margin-top:8px}.elementor-widget-text-editor:not(.elementor-drop-cap-view-default) .elementor-drop-cap-letter{width:1em;height:1em}.elementor-widget-text-editor .elementor-drop-cap{float:left;text-align:center;line-height:1;font-size:50px}.elementor-widget-text-editor .elementor-drop-cap-letter{display:inline-block}<\/style>\t\t\t\t<p>Empresas\u00a0 cada vez mais, v\u00eam buscando o profissional\u00a0<strong>auxiliar de servi\u00e7os<\/strong>.<\/p><p>Esse profissional tem por objetivo auxiliar a empresa no que tange \u00e0 execu\u00e7\u00e3o de pequenos mais importantes tarefas de servi\u00e7os gerais, assim como trata o pr\u00f3prio nome da fun\u00e7\u00e3o. O profissional\u00a0<strong>auxiliar de servi\u00e7os gerais\u00a0<\/strong>executar\u00e1 tarefas, como pequenos reparos, organiza\u00e7\u00e3o de \u00e1reas, enfim, tudo o que for necess\u00e1rio para manter a empresa funcionando em perfeito estado, seja ele de conserva\u00e7\u00e3o, limpeza, ou no atendimento de tarefas operacionais, sem a necessidade de qualifica\u00e7\u00e3o especializada ou t\u00e9cnica.<\/p><p>\u00c9 importante que a sua empresa esteja preparada para enfrentar os desafios de uma nova era com agilidade e compet\u00eancia, pois a inova\u00e7\u00e3o tamb\u00e9m traz concorrentes mais fortes e com grande disposi\u00e7\u00e3o para abocanhar fatias maiores do mercado. Seja \u00e1gil e assertivos em suas atitudes.<\/p><p>Lembre-se sempre que a contrata\u00e7\u00e3o da m\u00e3o de obra de qualidade \u00e9 a melhor forma de adequar os seus custos \u00e0s suas necessidades, bem como ao seu or\u00e7amento. Conte com a TOPVIG no fornecimento de m\u00e3o de obra qualificada!<\/p>\t\t\t\t\t\t<\/div>\n\t\t\t\t<\/div>\n\t\t<\/div><div class=\"elementor-element elementor-element-8e4613b e-container--column e-container\" data-id=\"8e4613b\" data-element_type=\"container\">\t\t\t\t<div class=\"elementor-element elementor-element-bf40907 elementor-widget elementor-widget-iiconbox1\" data-id=\"bf40907\" data-element_type=\"widget\" data-widget_type=\"iiconbox1.default\">\n\t\t\t\t<div class=\"elementor-widget-container\">\n\t\t\t\t\t<div class=\"icon-box-s1\">\r\n\t\t\t<div class=\"icon-main\">\r\n\t\t        \t\t\t    <img decoding=\"async\" src=\"https:\/\/topservicerj.com.br\/wp-content\/uploads\/2022\/10\/icone_limpeza2.png\" alt=\"SERVI\u00c7OS GERAIS\">\t\t        \t        <\/div>\r\n\t        <h5>SERVI\u00c7OS GERAIS<\/h5>\r\n\t        <div class=\"line-box\"><\/div>\r\n\t        <p>Auxiliar de Servi\u00e7os Gerais \u00e9 o profissional que ajuda diferentes setores e profissionais de uma empresa. As atividades de um Auxiliar de Servi\u00e7os Gerais podem incluir: limpeza do local de trabalho, controle de materiais, organiza\u00e7\u00e3o dos ambientes, atendimento e diferentes tipos de servi\u00e7os de manuten\u00e7\u00e3o. <\/p>\r\n\t    <\/div>\r\n\t    \t\t<\/div>\n\t\t\t\t<\/div>\n\t\t<\/div><div class=\"elementor-element elementor-element-f11abfb e-container--column e-container\" data-id=\"f11abfb\" data-element_type=\"container\">\t\t\t\t<div class=\"elementor-element elementor-element-aa46062 ha-infobox-media-dir-left elementor-widget elementor-widget-ha-infobox happy-addon ha-infobox\" data-id=\"aa46062\" data-element_type=\"widget\" data-widget_type=\"ha-infobox.default\">\n\t\t\t\t<div class=\"elementor-widget-container\">\n\t\t\t\n\t\t\t\t\t<figure class=\"ha-infobox-figure ha-infobox-figure--icon\">\n\t\t\t\t<i aria-hidden=\"true\" class=\"far fa-comment-dots\"><\/i>\t\t\t<\/figure>\n\t\t\n\t\t<div class=\"ha-infobox-body\">\n\t\t\t<h2 class=\"ha-infobox-title\">Como anda a limpeza do seu patrim\u00f4nio?<\/h2>\n\t\t\t\t\t\t\t<div class=\"ha-infobox-text\">\n\t\t\t\t\t<p>Al\u00e9m do foco principal em servi\u00e7os de seguran\u00e7a, n\u00f3s do TOPVIG tamb\u00e9m atuamos como uma empresa de servi\u00e7os gerais no RJ. Contamos com profissionais capacitados e treinados para a execu\u00e7\u00e3o de tarefas espec\u00edficas de limpeza, brigada de inc\u00eandio, recep\u00e7\u00e3o e servi\u00e7os administrativos. Com o nosso servi\u00e7o de terceiriza\u00e7\u00e3o, voc\u00ea tem a possibilidade de cuidar do seu neg\u00f3cio, sem maiores preocupa\u00e7\u00f5es. <\/p>\n\t\t\t\t<\/div>\n\t\t\t\n\t\t\t<a class=\"ha-btn ha-btn--link\" href=\"#\"><span class=\"ha-btn-text\">Entre em contato conosco!<\/span><\/a>\t\t<\/div>\n\t\t\t\t<\/div>\n\t\t\t\t<\/div>\n\t\t<\/div><div class=\"elementor-element elementor-element-3f01ce6 e-container--column e-container\" data-id=\"3f01ce6\" data-element_type=\"container\" data-settings=\"{&quot;background_background&quot;:&quot;classic&quot;,&quot;shape_divider_top&quot;:&quot;mountains&quot;}\">\t\t\t\t<div class=\"elementor-shape elementor-shape-top\" data-negative=\"false\">\n\t\t\t<svg xmlns=\"http:\/\/www.w3.org\/2000\/svg\" viewBox=\"0 0 1000 100\" preserveAspectRatio=\"none\">\n\t<path class=\"elementor-shape-fill\" opacity=\"0.33\" d=\"M473,67.3c-203.9,88.3-263.1-34-320.3,0C66,119.1,0,59.7,0,59.7V0h1000v59.7 c0,0-62.1,26.1-94.9,29.3c-32.8,3.3-62.8-12.3-75.8-22.1C806,49.6,745.3,8.7,694.9,4.7S492.4,59,473,67.3z\"\/>\n\t<path class=\"elementor-shape-fill\" opacity=\"0.66\" d=\"M734,67.3c-45.5,0-77.2-23.2-129.1-39.1c-28.6-8.7-150.3-10.1-254,39.1 s-91.7-34.4-149.2,0C115.7,118.3,0,39.8,0,39.8V0h1000v36.5c0,0-28.2-18.5-92.1-18.5C810.2,18.1,775.7,67.3,734,67.3z\"\/>\n\t<path class=\"elementor-shape-fill\" d=\"M766.1,28.9c-200-57.5-266,65.5-395.1,19.5C242,1.8,242,5.4,184.8,20.6C128,35.8,132.3,44.9,89.9,52.5C28.6,63.7,0,0,0,0 h1000c0,0-9.9,40.9-83.6,48.1S829.6,47,766.1,28.9z\"\/>\n<\/svg>\t\t<\/div>\n\t\t\t\t<div class=\"elementor-element elementor-element-11ae14b elementor-widget elementor-widget-ha-sticky-video happy-addon ha-sticky-video happy-addon-pro\" data-id=\"11ae14b\" data-element_type=\"widget\" data-widget_type=\"ha-sticky-video.default\">\n\t\t\t\t<div class=\"elementor-widget-container\">\n\t\t\t        <div class=\"ha-sticky-video-wrap ha-sticky-video-sticky-on\" data-ha-player=\"{&quot;autoplay&quot;:false,&quot;sticky&quot;:true,&quot;overlay&quot;:false,&quot;play_icon&quot;:false}\">\n                        <div class=\"ha-sticky-video-box\">\n                                    <span class=\"ha-sticky-video-close\"><i class=\"fas fa-times\"><\/i><\/span>\n                                <video id=\"ha-sticky-video-player-11ae14b\" playsinline=\"\" controls=\"\" data-plyr-config=\"{&quot;autoplay&quot;:false,&quot;muted&quot;:false,&quot;ratio&quot;:null,&quot;loop&quot;:{&quot;active&quot;:false}}\"><source id=\"ha-sticky-video-player-11ae14b\" src=\"https:\/\/topservicerj.com.br\/wp-content\/uploads\/2022\/11\/Video-do-WhatsApp-de-2022-11-11-as-10.34.28.mp4\" type=\"video\/mp4\"\/><\/video>            <\/div>\n        <\/div>\n        \t\t<\/div>\n\t\t\t\t<\/div>\n\t\t<\/div><div class=\"elementor-element elementor-element-725c765 e-container--column e-container\" data-id=\"725c765\" data-element_type=\"container\" data-settings=\"{&quot;background_background&quot;:&quot;classic&quot;}\">\t\t\t\t<div class=\"elementor-element elementor-element-b354a83 ha-align-center ha-layout-block elementor-widget elementor-widget-ha-advanced-heading happy-addon ha-advanced-heading happy-addon-pro\" data-id=\"b354a83\" data-element_type=\"widget\" data-widget_type=\"ha-advanced-heading.default\">\n\t\t\t\t<div class=\"elementor-widget-container\">\n\t\t\t\n\t\t<h2 class=\"ha-advanced-heading-tag\">\n\t\t\t\t\t\t<div class=\"ha-advanced-heading-wrap\" data-background-text=\"OCUPA\u00c7\u00c3O\">\n\t\t\t\t<span class=\"ha-advanced-heading-before\">Vantagens na<\/span>\n\t\t\t\t<span class=\"ha-advanced-heading-center\">Terceiriza\u00e7\u00e3o de servi\u00e7os<\/span>\n\t\t\t\t<span class=\"ha-advanced-heading-after\">TOP SERVICE<\/span>\n\t\t\t\t<span class=\"ha-advanced-heading-border\"><\/span>\n\t\t\t<\/div>\n\t\t\t\t\t<\/h2>\n\n\t\t\t\t<\/div>\n\t\t\t\t<\/div>\n\t\t\t\t<div class=\"elementor-element elementor-element-a2a57fd elementor-widget elementor-widget-text-editor\" data-id=\"a2a57fd\" data-element_type=\"widget\" data-widget_type=\"text-editor.default\">\n\t\t\t\t<div class=\"elementor-widget-container\">\n\t\t\t\t\t\t\t<p>Ao optar por terceirizar servi\u00e7os, \u00e9 poss\u00edvel que a sua empresa fique ainda mais focada em sua atividade-fim, otimizando o uso dos seus recursos escassos, como tempo, capital, e redu\u00e7\u00e3o de custos.<\/p><p>Desse modo, se voc\u00ea trabalha com\u00a0<em>facilities<\/em>\u00a0e j\u00e1 percebeu as vantagens que a\u00a0terceiriza\u00e7\u00e3o de servi\u00e7os proporciona para o seu\u00a0aumento da produtividade, foco administrativo, lucratividade com redu\u00e7\u00e3o de custos, entre em contato conosco e\u00a0<strong>solicite uma cota\u00e7\u00e3o<\/strong>.<\/p>\t\t\t\t\t\t<\/div>\n\t\t\t\t<\/div>\n\t\t\t\t<div class=\"elementor-element elementor-element-1db1067 elementor-headline--style-highlight elementor-widget elementor-widget-animated-headline\" data-id=\"1db1067\" data-element_type=\"widget\" data-settings=\"{&quot;highlighted_text&quot;:&quot;Auxiliar de Servi\\u00e7os Gerais&quot;,&quot;headline_style&quot;:&quot;highlight&quot;,&quot;marker&quot;:&quot;circle&quot;,&quot;loop&quot;:&quot;yes&quot;,&quot;highlight_animation_duration&quot;:1200,&quot;highlight_iteration_delay&quot;:8000}\" data-widget_type=\"animated-headline.default\">\n\t\t\t\t<div class=\"elementor-widget-container\">\n\t\t\t<link rel=\"stylesheet\" href=\"https:\/\/topservicerj.com.br\/wp-content\/plugins\/elementor-pro\/assets\/css\/widget-animated-headline.min.css\">\t\t<h3 class=\"elementor-headline\">\n\t\t\t\t\t<span class=\"elementor-headline-plain-text elementor-headline-text-wrapper\">Diferenciais da terceiriza\u00e7\u00e3o de <\/span>\n\t\t\t\t<span class=\"elementor-headline-dynamic-wrapper elementor-headline-text-wrapper\">\n\t\t\t\t\t<span class=\"elementor-headline-dynamic-text elementor-headline-text-active\">Auxiliar de Servi\u00e7os Gerais<\/span>\n\t\t\t\t<\/span>\n\t\t\t\t<\/h3>\n\t\t\t\t<\/div>\n\t\t\t\t<\/div>\n\t\t\t\t<div class=\"elementor-element elementor-element-857869c ha-mode--comfy ha-direction--left elementor-widget elementor-widget-ha-list-group happy-addon ha-list-group happy-addon-pro\" data-id=\"857869c\" data-element_type=\"widget\" data-widget_type=\"ha-list-group.default\">\n\t\t\t\t<div class=\"elementor-widget-container\">\n\t\t\t\n        <ul class=\"ha-list-wrap\">\n            \n                <li class=\"ha-list-item  elementor-repeater-item-df53ffc\">\n\n                    \n                        <div class=\"ha-item-wrap\">\n\n\t\t\t\t\t\t\t                                <div class=\"ha-icon icon\">\n\t\t\t\t\t\t\t\t\t<i aria-hidden=\"true\" class=\"fas fa-check\"><\/i>                                <\/div>\n\n                            \n                            <div class=\"ha-text\">\n\t\t\t\t\t\t\t\t\t<!-- title tag start -->\n                                    <h4 class=\"ha-list-title\">\n                                        Servi\u00e7os complementares e interligados                                                                            <\/h4>\n\t\t\t\t\t\t\t\t\t<!-- title tag end -->\n\n                                                                    <p class=\"ha-list-detail\">\n                                        Para uma gest\u00e3o de servi\u00e7os integrada e eficaz.                                    <\/p>\n                                                            <\/div>\n\n                                                            <div class=\"ha-direction\">\n\t\t\t\t\t\t\t\t\t<i aria-hidden=\"true\" class=\"hm hm-play-next\"><\/i>                                <\/div>\n                            \n                        <\/div>\n\n                    \n                <\/li>\n\n            \n                <li class=\"ha-list-item  elementor-repeater-item-e2cd9b7\">\n\n                    \n                        <div class=\"ha-item-wrap\">\n\n\t\t\t\t\t\t\t                                <div class=\"ha-icon icon\">\n\t\t\t\t\t\t\t\t\t<i aria-hidden=\"true\" class=\"fas fa-check\"><\/i>                                <\/div>\n\n                            \n                            <div class=\"ha-text\">\n\t\t\t\t\t\t\t\t\t<!-- title tag start -->\n                                    <h4 class=\"ha-list-title\">\n                                        Excel\u00eancia e qualidade                                                                            <\/h4>\n\t\t\t\t\t\t\t\t\t<!-- title tag end -->\n\n                                                                    <p class=\"ha-list-detail\">\n                                        Presta\u00e7\u00e3o dos servi\u00e7os por profissionais treinados e especializados.                                    <\/p>\n                                                            <\/div>\n\n                                                            <div class=\"ha-direction\">\n\t\t\t\t\t\t\t\t\t<i aria-hidden=\"true\" class=\"hm hm-play-next\"><\/i>                                <\/div>\n                            \n                        <\/div>\n\n                    \n                <\/li>\n\n            \n                <li class=\"ha-list-item  elementor-repeater-item-aba03f2\">\n\n                    \n                        <div class=\"ha-item-wrap\">\n\n\t\t\t\t\t\t\t                                <div class=\"ha-icon icon\">\n\t\t\t\t\t\t\t\t\t<i aria-hidden=\"true\" class=\"fas fa-check\"><\/i>                                <\/div>\n\n                            \n                            <div class=\"ha-text\">\n\t\t\t\t\t\t\t\t\t<!-- title tag start -->\n                                    <h4 class=\"ha-list-title\">\n                                        Equipe selecionada de acordo com o perfil de cada cliente                                                                            <\/h4>\n\t\t\t\t\t\t\t\t\t<!-- title tag end -->\n\n                                                                    <p class=\"ha-list-detail\">\n                                        Profissionais s\u00e3o selecionados dentro do perfil adequado para cada empresa.                                    <\/p>\n                                                            <\/div>\n\n                                                            <div class=\"ha-direction\">\n\t\t\t\t\t\t\t\t\t<i aria-hidden=\"true\" class=\"hm hm-play-next\"><\/i>                                <\/div>\n                            \n                        <\/div>\n\n                    \n                <\/li>\n\n                    <\/ul>\n\n        \t\t<\/div>\n\t\t\t\t<\/div>\n\t\t<\/div><div class=\"elementor-element elementor-element-4328cd8 e-container--column e-container\" data-id=\"4328cd8\" data-element_type=\"container\">\t\t\t\t<div class=\"elementor-element elementor-element-6121c74 elementor-widget elementor-widget-image\" data-id=\"6121c74\" data-element_type=\"widget\" data-widget_type=\"image.default\">\n\t\t\t\t<div class=\"elementor-widget-container\">\n\t\t\t<style>\/*! elementor - v3.7.7 - 20-09-2022 *\/\n.elementor-widget-image{text-align:center}.elementor-widget-image a{display:inline-block}.elementor-widget-image a img[src$=\".svg\"]{width:48px}.elementor-widget-image img{vertical-align:middle;display:inline-block}<\/style>\t\t\t\t\t\t\t\t\t\t\t\t<img loading=\"lazy\" decoding=\"async\" width=\"800\" height=\"265\" src=\"https:\/\/topservicerj.com.br\/wp-content\/uploads\/2022\/10\/equipe.png\" class=\"attachment-large size-large\" alt=\"\" srcset=\"https:\/\/topservicerj.com.br\/wp-content\/uploads\/2022\/10\/equipe.png 800w, https:\/\/topservicerj.com.br\/wp-content\/uploads\/2022\/10\/equipe-300x99.png 300w, https:\/\/topservicerj.com.br\/wp-content\/uploads\/2022\/10\/equipe-768x254.png 768w, https:\/\/topservicerj.com.br\/wp-content\/uploads\/2022\/10\/equipe-720x239.png 720w\" sizes=\"auto, (max-width: 800px) 100vw, 800px\" \/>\t\t\t\t\t\t\t\t\t\t\t\t\t\t\t<\/div>\n\t\t\t\t<\/div>\n\t\t<\/div>\t\t\t\t\t<\/div>\n\t\t","protected":false},"excerpt":{"rendered":"<p>O que faz um TOP SERVICE Empresas\u00a0 cada vez mais, v\u00eam buscando o profissional\u00a0auxiliar de servi\u00e7os. Esse profissional tem por objetivo auxiliar a empresa no que tange \u00e0 execu\u00e7\u00e3o de pequenos mais importantes tarefas de servi\u00e7os gerais, assim como trata o pr\u00f3prio nome da fun\u00e7\u00e3o. O profissional\u00a0auxiliar de servi\u00e7os gerais\u00a0executar\u00e1 tarefas, como pequenos reparos, organiza\u00e7\u00e3o [&hellip;]<\/p>\n","protected":false},"author":1,"featured_media":0,"parent":0,"menu_order":0,"comment_status":"closed","ping_status":"closed","template":"","meta":{"footnotes":""},"class_list":["post-2528","page","type-page","status-publish","hentry"],"_links":{"self":[{"href":"https:\/\/topservicerj.com.br\/index.php?rest_route=\/wp\/v2\/pages\/2528","targetHints":{"allow":["GET"]}}],"collection":[{"href":"https:\/\/topservicerj.com.br\/index.php?rest_route=\/wp\/v2\/pages"}],"about":[{"href":"https:\/\/topservicerj.com.br\/index.php?rest_route=\/wp\/v2\/types\/page"}],"author":[{"embeddable":true,"href":"https:\/\/topservicerj.com.br\/index.php?rest_route=\/wp\/v2\/users\/1"}],"replies":[{"embeddable":true,"href":"https:\/\/topservicerj.com.br\/index.php?rest_route=%2Fwp%2Fv2%2Fcomments&post=2528"}],"version-history":[{"count":38,"href":"https:\/\/topservicerj.com.br\/index.php?rest_route=\/wp\/v2\/pages\/2528\/revisions"}],"predecessor-version":[{"id":2634,"href":"https:\/\/topservicerj.com.br\/index.php?rest_route=\/wp\/v2\/pages\/2528\/revisions\/2634"}],"wp:attachment":[{"href":"https:\/\/topservicerj.com.br\/index.php?rest_route=%2Fwp%2Fv2%2Fmedia&parent=2528"}],"curies":[{"name":"wp","href":"https:\/\/api.w.org\/{rel}","templated":true}]}}