{"id":2418,"date":"2022-10-31T13:57:22","date_gmt":"2022-10-31T16:57:22","guid":{"rendered":"https:\/\/topservicerj.com.br\/?page_id=2418"},"modified":"2022-11-11T12:30:07","modified_gmt":"2022-11-11T15:30:07","slug":"recepcionista","status":"publish","type":"page","link":"https:\/\/topservicerj.com.br\/?page_id=2418","title":{"rendered":"Recepcionista"},"content":{"rendered":"\t\t<div data-elementor-type=\"wp-page\" data-elementor-id=\"2418\" class=\"elementor elementor-2418\">\n\t\t\t\t\t\t\t<div class=\"elementor-element elementor-element-29771ce e-container--column e-container\" data-id=\"29771ce\" data-element_type=\"container\">\t\t\t\t<div class=\"elementor-element elementor-element-cd5de5f ha-layout-block ha-align-left elementor-widget elementor-widget-ha-advanced-heading happy-addon ha-advanced-heading happy-addon-pro\" data-id=\"cd5de5f\" data-element_type=\"widget\" data-widget_type=\"ha-advanced-heading.default\">\n\t\t\t\t<div class=\"elementor-widget-container\">\n\t\t\t\n\t\t<h2 class=\"ha-advanced-heading-tag\">\n\t\t\t\t\t\t<div class=\"ha-advanced-heading-wrap\" data-background-text=\"OCUPA\u00c7\u00c3O\">\n\t\t\t\t<span class=\"ha-advanced-heading-before\">O que faz um(a)<\/span>\n\t\t\t\t<span class=\"ha-advanced-heading-center\">Recepcionista<\/span>\n\t\t\t\t<span class=\"ha-advanced-heading-after\">TOP SERVICE<\/span>\n\t\t\t\t<span class=\"ha-advanced-heading-border\"><\/span>\n\t\t\t<\/div>\n\t\t\t\t\t<\/h2>\n\n\t\t\t\t<\/div>\n\t\t\t\t<\/div>\n\t\t<\/div><div class=\"elementor-element elementor-element-c9efa6e e-container--column e-container\" data-id=\"c9efa6e\" data-element_type=\"container\">\t\t\t\t<div class=\"elementor-element elementor-element-7646c6e elementor-widget elementor-widget-text-editor\" data-id=\"7646c6e\" data-element_type=\"widget\" data-widget_type=\"text-editor.default\">\n\t\t\t\t<div class=\"elementor-widget-container\">\n\t\t\t<style>\/*! elementor - v3.7.7 - 20-09-2022 *\/\n.elementor-widget-text-editor.elementor-drop-cap-view-stacked .elementor-drop-cap{background-color:#818a91;color:#fff}.elementor-widget-text-editor.elementor-drop-cap-view-framed .elementor-drop-cap{color:#818a91;border:3px solid;background-color:transparent}.elementor-widget-text-editor:not(.elementor-drop-cap-view-default) .elementor-drop-cap{margin-top:8px}.elementor-widget-text-editor:not(.elementor-drop-cap-view-default) .elementor-drop-cap-letter{width:1em;height:1em}.elementor-widget-text-editor .elementor-drop-cap{float:left;text-align:center;line-height:1;font-size:50px}.elementor-widget-text-editor .elementor-drop-cap-letter{display:inline-block}<\/style>\t\t\t\t<p>Um\u00a0<b>atendimento de qualidade<\/b>\u00a0\u00e9 parte integrante de toda e qualquer empresa de sucesso: seja qual for o canal de contato (presencial, telef\u00f4nico ou online), o acolhimento correto \u00e9 essencial para transmitir uma imagem de prest\u00edgio. Em virtude da grande import\u00e2ncia da recep\u00e7\u00e3o, muitas empresas t\u00eam adotado a contrata\u00e7\u00e3o de\u00a0<b>recep\u00e7\u00e3o terceirizada<\/b>, visando aumentar a qualidade do servi\u00e7o e diminuir os custos.\u00a0<\/p><p>A terceiriza\u00e7\u00e3o otimiza a qualidade da recep\u00e7\u00e3o pois traz profissionais qualificados que ser\u00e3o geridos por uma empresa do ramo, aliando qualifica\u00e7\u00e3o com gest\u00e3o estrat\u00e9gica.<\/p><p>Os custos s\u00e3o reduzidos porque a empresa terceirizada absorve todos os encargos trabalhistas (como f\u00e9rias, benef\u00edcios, entre outros), al\u00e9m de diminuir os riscos de\u00a0<b>poss\u00edveis processos trabalhistas.<\/b><\/p><p>As fun\u00e7\u00f5es da\u00a0<b>recep\u00e7\u00e3o terceirizada<\/b>\u00a0v\u00e3o muito al\u00e9m do atendimento presencial, dentre as muitas responsabilidades poss\u00edveis dos recepcionistas \u00e9 poss\u00edvel citar:<\/p>\t\t\t\t\t\t<\/div>\n\t\t\t\t<\/div>\n\t\t<\/div><div class=\"elementor-element elementor-element-8e4613b e-container--column e-container\" data-id=\"8e4613b\" data-element_type=\"container\">\t\t\t\t<div class=\"elementor-element elementor-element-bf40907 elementor-widget elementor-widget-iiconbox1\" data-id=\"bf40907\" data-element_type=\"widget\" data-widget_type=\"iiconbox1.default\">\n\t\t\t\t<div class=\"elementor-widget-container\">\n\t\t\t\t\t<div class=\"icon-box-s1\">\r\n\t\t\t<div class=\"icon-main\">\r\n\t\t        \t\t\t    <img decoding=\"async\" src=\"https:\/\/topservicerj.com.br\/wp-content\/uploads\/2022\/10\/icone_guardiao_piscina.png\" alt=\"RECEPCIONISTA\">\t\t        \t        <\/div>\r\n\t        <h5>RECEPCIONISTA<\/h5>\r\n\t        <div class=\"line-box\"><\/div>\r\n\t        <p>A recep\u00e7\u00e3o \u00e9 respons\u00e1vel pela primeira impress\u00e3o sobre o local, e devido a isso, \u00e9 muito importante ter profissionais qualificados para essa fun\u00e7\u00e3o. Veja todas as vantagens da terceiriza\u00e7\u00e3o de recep\u00e7\u00e3o!<\/p>\r\n\t    <\/div>\r\n\t    \t\t<\/div>\n\t\t\t\t<\/div>\n\t\t<\/div><div class=\"elementor-element elementor-element-f11abfb e-container--column e-container\" data-id=\"f11abfb\" data-element_type=\"container\">\t\t\t\t<div data-ha-element-link=\"{&quot;url&quot;:&quot;https:\\\/\\\/topservicerj.com.br\\\/?page_id=1522&quot;,&quot;is_external&quot;:&quot;&quot;,&quot;nofollow&quot;:&quot;&quot;,&quot;custom_attributes&quot;:&quot;&quot;}\" style=\"cursor: pointer\" class=\"elementor-element elementor-element-aa46062 ha-infobox-media-dir-left elementor-widget elementor-widget-ha-infobox happy-addon ha-infobox\" data-id=\"aa46062\" data-element_type=\"widget\" data-widget_type=\"ha-infobox.default\">\n\t\t\t\t<div class=\"elementor-widget-container\">\n\t\t\t\n\t\t\t\t\t<figure class=\"ha-infobox-figure ha-infobox-figure--icon\">\n\t\t\t\t<i aria-hidden=\"true\" class=\"far fa-comment-dots\"><\/i>\t\t\t<\/figure>\n\t\t\n\t\t<div class=\"ha-infobox-body\">\n\t\t\t<h2 class=\"ha-infobox-title\">ATRIBUTOS DE UMA RECEP\u00c7\u00c3O TERCEIRIZADA<\/h2>\n\t\t\t\t\t\t\t<div class=\"ha-infobox-text\">\n\t\t\t\t\t<p>Os profissionais treinados para exercer tal fun\u00e7\u00e3o devem gerenciar diariamente uma s\u00e9rie de atividades. Al\u00e9m disso, \u00e9 importante frisar que a postura desses profissionais contribui para a constru\u00e7\u00e3o da imagem de uma empresa, transmitindo credibilidade, transpar\u00eancia e respeito aos clientes.<\/p>\n\t\t\t\t<\/div>\n\t\t\t\n\t\t\t<a class=\"ha-btn ha-btn--link\" href=\"#\"><span class=\"ha-btn-text\">Entre em contato conosco!<\/span><\/a>\t\t<\/div>\n\t\t\t\t<\/div>\n\t\t\t\t<\/div>\n\t\t<\/div><div class=\"elementor-element elementor-element-99205ba e-container--column e-container\" data-id=\"99205ba\" data-element_type=\"container\" data-settings=\"{&quot;background_background&quot;:&quot;classic&quot;,&quot;shape_divider_top&quot;:&quot;mountains&quot;}\">\t\t\t\t<div class=\"elementor-shape elementor-shape-top\" data-negative=\"false\">\n\t\t\t<svg xmlns=\"http:\/\/www.w3.org\/2000\/svg\" viewBox=\"0 0 1000 100\" preserveAspectRatio=\"none\">\n\t<path class=\"elementor-shape-fill\" opacity=\"0.33\" d=\"M473,67.3c-203.9,88.3-263.1-34-320.3,0C66,119.1,0,59.7,0,59.7V0h1000v59.7 c0,0-62.1,26.1-94.9,29.3c-32.8,3.3-62.8-12.3-75.8-22.1C806,49.6,745.3,8.7,694.9,4.7S492.4,59,473,67.3z\"\/>\n\t<path class=\"elementor-shape-fill\" opacity=\"0.66\" d=\"M734,67.3c-45.5,0-77.2-23.2-129.1-39.1c-28.6-8.7-150.3-10.1-254,39.1 s-91.7-34.4-149.2,0C115.7,118.3,0,39.8,0,39.8V0h1000v36.5c0,0-28.2-18.5-92.1-18.5C810.2,18.1,775.7,67.3,734,67.3z\"\/>\n\t<path class=\"elementor-shape-fill\" d=\"M766.1,28.9c-200-57.5-266,65.5-395.1,19.5C242,1.8,242,5.4,184.8,20.6C128,35.8,132.3,44.9,89.9,52.5C28.6,63.7,0,0,0,0 h1000c0,0-9.9,40.9-83.6,48.1S829.6,47,766.1,28.9z\"\/>\n<\/svg>\t\t<\/div>\n\t\t\t\t<div class=\"elementor-element elementor-element-2044261 elementor-widget elementor-widget-ha-sticky-video happy-addon ha-sticky-video happy-addon-pro\" data-id=\"2044261\" data-element_type=\"widget\" data-widget_type=\"ha-sticky-video.default\">\n\t\t\t\t<div class=\"elementor-widget-container\">\n\t\t\t        <div class=\"ha-sticky-video-wrap ha-sticky-video-sticky-on\" data-ha-player=\"{&quot;autoplay&quot;:false,&quot;sticky&quot;:true,&quot;overlay&quot;:false,&quot;play_icon&quot;:false}\">\n                        <div class=\"ha-sticky-video-box\">\n                                    <span class=\"ha-sticky-video-close\"><i class=\"fas fa-times\"><\/i><\/span>\n                                <video id=\"ha-sticky-video-player-2044261\" playsinline=\"\" controls=\"\" data-plyr-config=\"{&quot;autoplay&quot;:false,&quot;muted&quot;:false,&quot;ratio&quot;:null,&quot;loop&quot;:{&quot;active&quot;:false}}\"><source id=\"ha-sticky-video-player-2044261\" src=\"https:\/\/topservicerj.com.br\/wp-content\/uploads\/2022\/11\/Video-do-WhatsApp-de-2022-11-11-as-10.34.28.mp4\" type=\"video\/mp4\"\/><\/video>            <\/div>\n        <\/div>\n        \t\t<\/div>\n\t\t\t\t<\/div>\n\t\t<\/div><div class=\"elementor-element elementor-element-725c765 e-container--column e-container\" data-id=\"725c765\" data-element_type=\"container\" data-settings=\"{&quot;background_background&quot;:&quot;classic&quot;}\">\t\t\t\t<div class=\"elementor-element elementor-element-b354a83 ha-align-center ha-layout-block elementor-widget elementor-widget-ha-advanced-heading happy-addon ha-advanced-heading happy-addon-pro\" data-id=\"b354a83\" data-element_type=\"widget\" data-widget_type=\"ha-advanced-heading.default\">\n\t\t\t\t<div class=\"elementor-widget-container\">\n\t\t\t\n\t\t<h2 class=\"ha-advanced-heading-tag\">\n\t\t\t\t\t\t<div class=\"ha-advanced-heading-wrap\" data-background-text=\"OCUPA\u00c7\u00c3O\">\n\t\t\t\t<span class=\"ha-advanced-heading-before\">Vantagens na<\/span>\n\t\t\t\t<span class=\"ha-advanced-heading-center\">Terceiriza\u00e7\u00e3o de servi\u00e7os<\/span>\n\t\t\t\t<span class=\"ha-advanced-heading-after\">TOP SERVICE<\/span>\n\t\t\t\t<span class=\"ha-advanced-heading-border\"><\/span>\n\t\t\t<\/div>\n\t\t\t\t\t<\/h2>\n\n\t\t\t\t<\/div>\n\t\t\t\t<\/div>\n\t\t\t\t<div class=\"elementor-element elementor-element-a2a57fd elementor-widget elementor-widget-text-editor\" data-id=\"a2a57fd\" data-element_type=\"widget\" data-widget_type=\"text-editor.default\">\n\t\t\t\t<div class=\"elementor-widget-container\">\n\t\t\t\t\t\t\t<p>Ao optar por terceirizar servi\u00e7os, \u00e9 poss\u00edvel que a sua empresa fique ainda mais focada em sua atividade-fim, otimizando o uso dos seus recursos escassos, como tempo, capital, e redu\u00e7\u00e3o de custos.<\/p><p>Desse modo, se voc\u00ea trabalha com\u00a0<em>facilities<\/em>\u00a0e j\u00e1 percebeu as vantagens que a\u00a0terceiriza\u00e7\u00e3o de servi\u00e7os proporciona para o seu\u00a0aumento da produtividade, foco administrativo, lucratividade com redu\u00e7\u00e3o de custos, entre em contato conosco e\u00a0<strong>solicite uma cota\u00e7\u00e3o<\/strong>.<\/p>\t\t\t\t\t\t<\/div>\n\t\t\t\t<\/div>\n\t\t\t\t<div class=\"elementor-element elementor-element-1db1067 elementor-headline--style-highlight elementor-widget elementor-widget-animated-headline\" data-id=\"1db1067\" data-element_type=\"widget\" data-settings=\"{&quot;highlighted_text&quot;:&quot;Recepcionista&quot;,&quot;headline_style&quot;:&quot;highlight&quot;,&quot;marker&quot;:&quot;circle&quot;,&quot;loop&quot;:&quot;yes&quot;,&quot;highlight_animation_duration&quot;:1200,&quot;highlight_iteration_delay&quot;:8000}\" data-widget_type=\"animated-headline.default\">\n\t\t\t\t<div class=\"elementor-widget-container\">\n\t\t\t<link rel=\"stylesheet\" href=\"https:\/\/topservicerj.com.br\/wp-content\/plugins\/elementor-pro\/assets\/css\/widget-animated-headline.min.css\">\t\t<h3 class=\"elementor-headline\">\n\t\t\t\t\t<span class=\"elementor-headline-plain-text elementor-headline-text-wrapper\">Diferenciais da terceiriza\u00e7\u00e3o de <\/span>\n\t\t\t\t<span class=\"elementor-headline-dynamic-wrapper elementor-headline-text-wrapper\">\n\t\t\t\t\t<span class=\"elementor-headline-dynamic-text elementor-headline-text-active\">Recepcionista<\/span>\n\t\t\t\t<\/span>\n\t\t\t\t<\/h3>\n\t\t\t\t<\/div>\n\t\t\t\t<\/div>\n\t\t\t\t<div class=\"elementor-element elementor-element-857869c ha-mode--comfy ha-direction--left elementor-widget elementor-widget-ha-list-group happy-addon ha-list-group happy-addon-pro\" data-id=\"857869c\" data-element_type=\"widget\" data-widget_type=\"ha-list-group.default\">\n\t\t\t\t<div class=\"elementor-widget-container\">\n\t\t\t\n        <ul class=\"ha-list-wrap\">\n            \n                <li class=\"ha-list-item  elementor-repeater-item-df53ffc\">\n\n                    \n                        <div class=\"ha-item-wrap\">\n\n\t\t\t\t\t\t\t                                <div class=\"ha-icon icon\">\n\t\t\t\t\t\t\t\t\t<i aria-hidden=\"true\" class=\"fas fa-check\"><\/i>                                <\/div>\n\n                            \n                            <div class=\"ha-text\">\n\t\t\t\t\t\t\t\t\t<!-- title tag start -->\n                                    <h4 class=\"ha-list-title\">\n                                        Recep\u00e7\u00e3o organizada e eficiente                                                                            <\/h4>\n\t\t\t\t\t\t\t\t\t<!-- title tag end -->\n\n                                                                    <p class=\"ha-list-detail\">\n                                        Equipe altamente treinada e capacitada para a fun\u00e7\u00e3o                                    <\/p>\n                                                            <\/div>\n\n                                                            <div class=\"ha-direction\">\n\t\t\t\t\t\t\t\t\t<i aria-hidden=\"true\" class=\"hm hm-play-next\"><\/i>                                <\/div>\n                            \n                        <\/div>\n\n                    \n                <\/li>\n\n            \n                <li class=\"ha-list-item  elementor-repeater-item-e2cd9b7\">\n\n                    \n                        <div class=\"ha-item-wrap\">\n\n\t\t\t\t\t\t\t                                <div class=\"ha-icon icon\">\n\t\t\t\t\t\t\t\t\t<i aria-hidden=\"true\" class=\"fas fa-check\"><\/i>                                <\/div>\n\n                            \n                            <div class=\"ha-text\">\n\t\t\t\t\t\t\t\t\t<!-- title tag start -->\n                                    <h4 class=\"ha-list-title\">\n                                        Excel\u00eancia e qualidade                                                                            <\/h4>\n\t\t\t\t\t\t\t\t\t<!-- title tag end -->\n\n                                                                    <p class=\"ha-list-detail\">\n                                        Presta\u00e7\u00e3o dos servi\u00e7os por profissionais treinados e especializados.                                    <\/p>\n                                                            <\/div>\n\n                                                            <div class=\"ha-direction\">\n\t\t\t\t\t\t\t\t\t<i aria-hidden=\"true\" class=\"hm hm-play-next\"><\/i>                                <\/div>\n                            \n                        <\/div>\n\n                    \n                <\/li>\n\n            \n                <li class=\"ha-list-item  elementor-repeater-item-aba03f2\">\n\n                    \n                        <div class=\"ha-item-wrap\">\n\n\t\t\t\t\t\t\t                                <div class=\"ha-icon icon\">\n\t\t\t\t\t\t\t\t\t<i aria-hidden=\"true\" class=\"fas fa-check\"><\/i>                                <\/div>\n\n                            \n                            <div class=\"ha-text\">\n\t\t\t\t\t\t\t\t\t<!-- title tag start -->\n                                    <h4 class=\"ha-list-title\">\n                                        Equipe selecionada de acordo com o perfil de cada cliente                                                                            <\/h4>\n\t\t\t\t\t\t\t\t\t<!-- title tag end -->\n\n                                                                    <p class=\"ha-list-detail\">\n                                        Profissionais s\u00e3o selecionados dentro do perfil adequado para cada empresa.                                    <\/p>\n                                                            <\/div>\n\n                                                            <div class=\"ha-direction\">\n\t\t\t\t\t\t\t\t\t<i aria-hidden=\"true\" class=\"hm hm-play-next\"><\/i>                                <\/div>\n                            \n                        <\/div>\n\n                    \n                <\/li>\n\n                    <\/ul>\n\n        \t\t<\/div>\n\t\t\t\t<\/div>\n\t\t<\/div><div class=\"elementor-element elementor-element-4328cd8 e-container--column e-container\" data-id=\"4328cd8\" data-element_type=\"container\">\t\t\t\t<div class=\"elementor-element elementor-element-6121c74 elementor-widget elementor-widget-image\" data-id=\"6121c74\" data-element_type=\"widget\" data-widget_type=\"image.default\">\n\t\t\t\t<div class=\"elementor-widget-container\">\n\t\t\t<style>\/*! elementor - v3.7.7 - 20-09-2022 *\/\n.elementor-widget-image{text-align:center}.elementor-widget-image a{display:inline-block}.elementor-widget-image a img[src$=\".svg\"]{width:48px}.elementor-widget-image img{vertical-align:middle;display:inline-block}<\/style>\t\t\t\t\t\t\t\t\t\t\t\t<img loading=\"lazy\" decoding=\"async\" width=\"800\" height=\"265\" src=\"https:\/\/topservicerj.com.br\/wp-content\/uploads\/2022\/10\/equipe.png\" class=\"attachment-large size-large\" alt=\"\" srcset=\"https:\/\/topservicerj.com.br\/wp-content\/uploads\/2022\/10\/equipe.png 800w, https:\/\/topservicerj.com.br\/wp-content\/uploads\/2022\/10\/equipe-300x99.png 300w, https:\/\/topservicerj.com.br\/wp-content\/uploads\/2022\/10\/equipe-768x254.png 768w, https:\/\/topservicerj.com.br\/wp-content\/uploads\/2022\/10\/equipe-720x239.png 720w\" sizes=\"auto, (max-width: 800px) 100vw, 800px\" \/>\t\t\t\t\t\t\t\t\t\t\t\t\t\t\t<\/div>\n\t\t\t\t<\/div>\n\t\t<\/div>\t\t\t\t\t<\/div>\n\t\t","protected":false},"excerpt":{"rendered":"<p>O que faz um(a) TOP SERVICE Um\u00a0atendimento de qualidade\u00a0\u00e9 parte integrante de toda e qualquer empresa de sucesso: seja qual for o canal de contato (presencial, telef\u00f4nico ou online), o acolhimento correto \u00e9 essencial para transmitir uma imagem de prest\u00edgio. Em virtude da grande import\u00e2ncia da recep\u00e7\u00e3o, muitas empresas t\u00eam adotado a contrata\u00e7\u00e3o de\u00a0recep\u00e7\u00e3o terceirizada, [&hellip;]<\/p>\n","protected":false},"author":1,"featured_media":0,"parent":0,"menu_order":0,"comment_status":"closed","ping_status":"closed","template":"","meta":{"footnotes":""},"class_list":["post-2418","page","type-page","status-publish","hentry"],"_links":{"self":[{"href":"https:\/\/topservicerj.com.br\/index.php?rest_route=\/wp\/v2\/pages\/2418","targetHints":{"allow":["GET"]}}],"collection":[{"href":"https:\/\/topservicerj.com.br\/index.php?rest_route=\/wp\/v2\/pages"}],"about":[{"href":"https:\/\/topservicerj.com.br\/index.php?rest_route=\/wp\/v2\/types\/page"}],"author":[{"embeddable":true,"href":"https:\/\/topservicerj.com.br\/index.php?rest_route=\/wp\/v2\/users\/1"}],"replies":[{"embeddable":true,"href":"https:\/\/topservicerj.com.br\/index.php?rest_route=%2Fwp%2Fv2%2Fcomments&post=2418"}],"version-history":[{"count":17,"href":"https:\/\/topservicerj.com.br\/index.php?rest_route=\/wp\/v2\/pages\/2418\/revisions"}],"predecessor-version":[{"id":2645,"href":"https:\/\/topservicerj.com.br\/index.php?rest_route=\/wp\/v2\/pages\/2418\/revisions\/2645"}],"wp:attachment":[{"href":"https:\/\/topservicerj.com.br\/index.php?rest_route=%2Fwp%2Fv2%2Fmedia&parent=2418"}],"curies":[{"name":"wp","href":"https:\/\/api.w.org\/{rel}","templated":true}]}}