{"id":2313,"date":"2022-10-31T11:03:03","date_gmt":"2022-10-31T14:03:03","guid":{"rendered":"https:\/\/topservicerj.com.br\/?page_id=2313"},"modified":"2022-11-11T12:31:45","modified_gmt":"2022-11-11T15:31:45","slug":"vigia-patrimonial","status":"publish","type":"page","link":"https:\/\/topservicerj.com.br\/?page_id=2313","title":{"rendered":"Vigia Patrimonial"},"content":{"rendered":"\t\t<div data-elementor-type=\"wp-page\" data-elementor-id=\"2313\" class=\"elementor elementor-2313\">\n\t\t\t\t\t\t\t<div class=\"elementor-element elementor-element-29771ce e-container--column e-container\" data-id=\"29771ce\" data-element_type=\"container\">\t\t\t\t<div class=\"elementor-element elementor-element-cd5de5f ha-layout-block ha-align-left elementor-widget elementor-widget-ha-advanced-heading happy-addon ha-advanced-heading happy-addon-pro\" data-id=\"cd5de5f\" data-element_type=\"widget\" data-widget_type=\"ha-advanced-heading.default\">\n\t\t\t\t<div class=\"elementor-widget-container\">\n\t\t\t\n\t\t<h2 class=\"ha-advanced-heading-tag\">\n\t\t\t\t\t\t<div class=\"ha-advanced-heading-wrap\" data-background-text=\"OCUPA\u00c7\u00c3O\">\n\t\t\t\t<span class=\"ha-advanced-heading-before\">O que faz um <\/span>\n\t\t\t\t<span class=\"ha-advanced-heading-center\">Vigia Patrimonial<\/span>\n\t\t\t\t<span class=\"ha-advanced-heading-after\">TOP SERVICE<\/span>\n\t\t\t\t<span class=\"ha-advanced-heading-border\"><\/span>\n\t\t\t<\/div>\n\t\t\t\t\t<\/h2>\n\n\t\t\t\t<\/div>\n\t\t\t\t<\/div>\n\t\t<\/div><div class=\"elementor-element elementor-element-c9efa6e e-container--column e-container\" data-id=\"c9efa6e\" data-element_type=\"container\">\t\t\t\t<div class=\"elementor-element elementor-element-7646c6e elementor-widget elementor-widget-text-editor\" data-id=\"7646c6e\" data-element_type=\"widget\" data-widget_type=\"text-editor.default\">\n\t\t\t\t<div class=\"elementor-widget-container\">\n\t\t\t<style>\/*! elementor - v3.7.7 - 20-09-2022 *\/\n.elementor-widget-text-editor.elementor-drop-cap-view-stacked .elementor-drop-cap{background-color:#818a91;color:#fff}.elementor-widget-text-editor.elementor-drop-cap-view-framed .elementor-drop-cap{color:#818a91;border:3px solid;background-color:transparent}.elementor-widget-text-editor:not(.elementor-drop-cap-view-default) .elementor-drop-cap{margin-top:8px}.elementor-widget-text-editor:not(.elementor-drop-cap-view-default) .elementor-drop-cap-letter{width:1em;height:1em}.elementor-widget-text-editor .elementor-drop-cap{float:left;text-align:center;line-height:1;font-size:50px}.elementor-widget-text-editor .elementor-drop-cap-letter{display:inline-block}<\/style>\t\t\t\t<p>O vigia \u00e9 respons\u00e1vel pelo controle e pela seguran\u00e7a da entrada e sa\u00edda de seu condom\u00ednio ou sua edifica\u00e7\u00e3o. Por isso, selecionamos profissionais certificados e com o perfil necess\u00e1rio para manter o controle de qualidade da sua edifica\u00e7\u00e3o, trazendo, desse modo, seguran\u00e7a e um ambiente perfeito para o p\u00fablico e os colaboradores.<br \/>Com treinamentos cont\u00ednuos e controles de qualidade durante a rotina de nossas equipes, mantemos os colaboradores comprometidos com a seguran\u00e7a, o bem-estar e qualidade para sua organiza\u00e7\u00e3o.<br \/>Os equipamentos de ponta e o suporte t\u00e9cnico especializado 24 horas permitem que nosso time trabalhe de maneira totalmente preparada. A principal meta \u00e9 ir ao encontro de suas demandas, estando sempre assegurado com nossa capacidade de repor \u2013 de forma imediata \u2013 pessoal, equipamentos e materiais.<br \/>Atendemos a todos os setores do mercado, como condom\u00ednios comerciais e residenciais, ind\u00fastrias, empresas, faculdades, hospitais, cl\u00ednicas e outros estabelecimentos.<\/p><p><strong>Equipe Qualificada<br \/><\/strong>Profissionais experientes e com rigorosa metodologia para preven\u00e7\u00e3o de perdas e acompanhamento de pessoas.<strong><br \/><\/strong><\/p><p><strong>Atendimento diferenciado<br \/><\/strong>Inspe\u00e7\u00e3o minuciosa e peri\u00f3dica dos postos e fun\u00e7\u00f5es, orientando os vigilantes sobre servi\u00e7os e procedimentos estabelecidos.<\/p>\t\t\t\t\t\t<\/div>\n\t\t\t\t<\/div>\n\t\t<\/div><div class=\"elementor-element elementor-element-8e4613b e-container--column e-container\" data-id=\"8e4613b\" data-element_type=\"container\">\t\t\t\t<div class=\"elementor-element elementor-element-bf40907 elementor-widget elementor-widget-iiconbox1\" data-id=\"bf40907\" data-element_type=\"widget\" data-widget_type=\"iiconbox1.default\">\n\t\t\t\t<div class=\"elementor-widget-container\">\n\t\t\t\t\t<div class=\"icon-box-s1\">\r\n\t\t\t<div class=\"icon-main\">\r\n\t\t        \t\t\t    <img decoding=\"async\" src=\"https:\/\/topservicerj.com.br\/wp-content\/uploads\/2022\/10\/icone_guarda-1.png\" alt=\"VIGIA PATRIMONIAL\">\t\t        \t        <\/div>\r\n\t        <h5>VIGIA PATRIMONIAL<\/h5>\r\n\t        <div class=\"line-box\"><\/div>\r\n\t        <p>Tem como objetivo principal a preven\u00e7\u00e3o e prote\u00e7\u00e3o de instala\u00e7\u00f5es, patrim\u00f4nio e colaboradores do local ou im\u00f3vel a ser protegido, sejam eles privados ou p\u00fablicos, residenciais ou comerciais, rurais ou urbanos, minimizando ao m\u00e1ximo eventuais perdas ou preju\u00edzos.<\/p>\r\n\t    <\/div>\r\n\t    \t\t<\/div>\n\t\t\t\t<\/div>\n\t\t<\/div><div class=\"elementor-element elementor-element-f11abfb e-container--column e-container\" data-id=\"f11abfb\" data-element_type=\"container\">\t\t\t\t<div data-ha-element-link=\"{&quot;url&quot;:&quot;https:\\\/\\\/topservicerj.com.br\\\/?page_id=1522&quot;,&quot;is_external&quot;:&quot;&quot;,&quot;nofollow&quot;:&quot;&quot;,&quot;custom_attributes&quot;:&quot;&quot;}\" style=\"cursor: pointer\" class=\"elementor-element elementor-element-aa46062 ha-infobox-media-dir-left elementor-widget elementor-widget-ha-infobox happy-addon ha-infobox\" data-id=\"aa46062\" data-element_type=\"widget\" data-widget_type=\"ha-infobox.default\">\n\t\t\t\t<div class=\"elementor-widget-container\">\n\t\t\t\n\t\t\t\t\t<figure class=\"ha-infobox-figure ha-infobox-figure--icon\">\n\t\t\t\t<i aria-hidden=\"true\" class=\"far fa-comment-dots\"><\/i>\t\t\t<\/figure>\n\t\t\n\t\t<div class=\"ha-infobox-body\">\n\t\t\t<h2 class=\"ha-infobox-title\">Qualidade em atendimento<\/h2>\n\t\t\t\t\t\t\t<div class=\"ha-infobox-text\">\n\t\t\t\t\t<p>\u00c9 por meio de vigilantes profissionais e especializados em seguran\u00e7a privada, que o Grupo Top Service coloca em pr\u00e1tica seus princ\u00edpios e valores. Profissionais capacitados, criteriosamente treinados e fi\u00e9is \u00e0 legisla\u00e7\u00e3o brasileira no que se refere \u00e0 atividade de vigil\u00e2ncia.<\/p>\n\t\t\t\t<\/div>\n\t\t\t\n\t\t\t<a class=\"ha-btn ha-btn--link\" href=\"#\"><span class=\"ha-btn-text\">Entre em contato conosco!<\/span><\/a>\t\t<\/div>\n\t\t\t\t<\/div>\n\t\t\t\t<\/div>\n\t\t<\/div><div class=\"elementor-element elementor-element-2fc84d28 e-container--column e-container\" data-id=\"2fc84d28\" data-element_type=\"container\" data-settings=\"{&quot;background_background&quot;:&quot;classic&quot;,&quot;shape_divider_top&quot;:&quot;mountains&quot;}\">\t\t\t\t<div class=\"elementor-shape elementor-shape-top\" data-negative=\"false\">\n\t\t\t<svg xmlns=\"http:\/\/www.w3.org\/2000\/svg\" viewBox=\"0 0 1000 100\" preserveAspectRatio=\"none\">\n\t<path class=\"elementor-shape-fill\" opacity=\"0.33\" d=\"M473,67.3c-203.9,88.3-263.1-34-320.3,0C66,119.1,0,59.7,0,59.7V0h1000v59.7 c0,0-62.1,26.1-94.9,29.3c-32.8,3.3-62.8-12.3-75.8-22.1C806,49.6,745.3,8.7,694.9,4.7S492.4,59,473,67.3z\"\/>\n\t<path class=\"elementor-shape-fill\" opacity=\"0.66\" d=\"M734,67.3c-45.5,0-77.2-23.2-129.1-39.1c-28.6-8.7-150.3-10.1-254,39.1 s-91.7-34.4-149.2,0C115.7,118.3,0,39.8,0,39.8V0h1000v36.5c0,0-28.2-18.5-92.1-18.5C810.2,18.1,775.7,67.3,734,67.3z\"\/>\n\t<path class=\"elementor-shape-fill\" d=\"M766.1,28.9c-200-57.5-266,65.5-395.1,19.5C242,1.8,242,5.4,184.8,20.6C128,35.8,132.3,44.9,89.9,52.5C28.6,63.7,0,0,0,0 h1000c0,0-9.9,40.9-83.6,48.1S829.6,47,766.1,28.9z\"\/>\n<\/svg>\t\t<\/div>\n\t\t\t\t<div class=\"elementor-element elementor-element-16fcb4fc elementor-widget elementor-widget-ha-sticky-video happy-addon ha-sticky-video happy-addon-pro\" data-id=\"16fcb4fc\" data-element_type=\"widget\" data-widget_type=\"ha-sticky-video.default\">\n\t\t\t\t<div class=\"elementor-widget-container\">\n\t\t\t        <div class=\"ha-sticky-video-wrap ha-sticky-video-sticky-on\" data-ha-player=\"{&quot;autoplay&quot;:false,&quot;sticky&quot;:true,&quot;overlay&quot;:false,&quot;play_icon&quot;:false}\">\n                        <div class=\"ha-sticky-video-box\">\n                                    <span class=\"ha-sticky-video-close\"><i class=\"fas fa-times\"><\/i><\/span>\n                                <video id=\"ha-sticky-video-player-16fcb4fc\" playsinline=\"\" controls=\"\" data-plyr-config=\"{&quot;autoplay&quot;:false,&quot;muted&quot;:false,&quot;ratio&quot;:null,&quot;loop&quot;:{&quot;active&quot;:false}}\"><source id=\"ha-sticky-video-player-16fcb4fc\" src=\"https:\/\/topservicerj.com.br\/wp-content\/uploads\/2022\/11\/Video-do-WhatsApp-de-2022-11-11-as-10.34.28.mp4\" type=\"video\/mp4\"\/><\/video>            <\/div>\n        <\/div>\n        \t\t<\/div>\n\t\t\t\t<\/div>\n\t\t<\/div><div class=\"elementor-element elementor-element-725c765 e-container--column e-container\" data-id=\"725c765\" data-element_type=\"container\" data-settings=\"{&quot;background_background&quot;:&quot;classic&quot;}\">\t\t\t\t<div class=\"elementor-element elementor-element-b354a83 ha-align-center ha-layout-block elementor-widget elementor-widget-ha-advanced-heading happy-addon ha-advanced-heading happy-addon-pro\" data-id=\"b354a83\" data-element_type=\"widget\" data-widget_type=\"ha-advanced-heading.default\">\n\t\t\t\t<div class=\"elementor-widget-container\">\n\t\t\t\n\t\t<h2 class=\"ha-advanced-heading-tag\">\n\t\t\t\t\t\t<div class=\"ha-advanced-heading-wrap\" data-background-text=\"OCUPA\u00c7\u00c3O\">\n\t\t\t\t<span class=\"ha-advanced-heading-before\">Vantagens na<\/span>\n\t\t\t\t<span class=\"ha-advanced-heading-center\">Terceiriza\u00e7\u00e3o de servi\u00e7os<\/span>\n\t\t\t\t<span class=\"ha-advanced-heading-after\">TOP SERVICE<\/span>\n\t\t\t\t<span class=\"ha-advanced-heading-border\"><\/span>\n\t\t\t<\/div>\n\t\t\t\t\t<\/h2>\n\n\t\t\t\t<\/div>\n\t\t\t\t<\/div>\n\t\t\t\t<div class=\"elementor-element elementor-element-a2a57fd elementor-widget elementor-widget-text-editor\" data-id=\"a2a57fd\" data-element_type=\"widget\" data-widget_type=\"text-editor.default\">\n\t\t\t\t<div class=\"elementor-widget-container\">\n\t\t\t\t\t\t\t<p>Ao optar por terceirizar servi\u00e7os, \u00e9 poss\u00edvel que a sua empresa fique ainda mais focada em sua atividade-fim, otimizando o uso dos seus recursos escassos, como tempo, capital, e redu\u00e7\u00e3o de custos.<\/p><p>Desse modo, se voc\u00ea trabalha com\u00a0<em>facilities<\/em>\u00a0e j\u00e1 percebeu as vantagens que a\u00a0terceiriza\u00e7\u00e3o de servi\u00e7os proporciona para o seu\u00a0aumento da produtividade, foco administrativo, lucratividade com redu\u00e7\u00e3o de custos, entre em contato conosco e\u00a0<strong>solicite uma cota\u00e7\u00e3o<\/strong>.<\/p>\t\t\t\t\t\t<\/div>\n\t\t\t\t<\/div>\n\t\t\t\t<div class=\"elementor-element elementor-element-1db1067 elementor-headline--style-highlight elementor-widget elementor-widget-animated-headline\" data-id=\"1db1067\" data-element_type=\"widget\" data-settings=\"{&quot;highlighted_text&quot;:&quot;Vigia Patrimonial&quot;,&quot;headline_style&quot;:&quot;highlight&quot;,&quot;marker&quot;:&quot;circle&quot;,&quot;loop&quot;:&quot;yes&quot;,&quot;highlight_animation_duration&quot;:1200,&quot;highlight_iteration_delay&quot;:8000}\" data-widget_type=\"animated-headline.default\">\n\t\t\t\t<div class=\"elementor-widget-container\">\n\t\t\t<link rel=\"stylesheet\" href=\"https:\/\/topservicerj.com.br\/wp-content\/plugins\/elementor-pro\/assets\/css\/widget-animated-headline.min.css\">\t\t<h3 class=\"elementor-headline\">\n\t\t\t\t\t<span class=\"elementor-headline-plain-text elementor-headline-text-wrapper\">Diferenciais da terceiriza\u00e7\u00e3o de <\/span>\n\t\t\t\t<span class=\"elementor-headline-dynamic-wrapper elementor-headline-text-wrapper\">\n\t\t\t\t\t<span class=\"elementor-headline-dynamic-text elementor-headline-text-active\">Vigia Patrimonial<\/span>\n\t\t\t\t<\/span>\n\t\t\t\t<\/h3>\n\t\t\t\t<\/div>\n\t\t\t\t<\/div>\n\t\t\t\t<div class=\"elementor-element elementor-element-857869c ha-mode--comfy ha-direction--left elementor-widget elementor-widget-ha-list-group happy-addon ha-list-group happy-addon-pro\" data-id=\"857869c\" data-element_type=\"widget\" data-widget_type=\"ha-list-group.default\">\n\t\t\t\t<div class=\"elementor-widget-container\">\n\t\t\t\n        <ul class=\"ha-list-wrap\">\n            \n                <li class=\"ha-list-item  elementor-repeater-item-df53ffc\">\n\n                    \n                        <div class=\"ha-item-wrap\">\n\n\t\t\t\t\t\t\t                                <div class=\"ha-icon icon\">\n\t\t\t\t\t\t\t\t\t<i aria-hidden=\"true\" class=\"fas fa-check\"><\/i>                                <\/div>\n\n                            \n                            <div class=\"ha-text\">\n\t\t\t\t\t\t\t\t\t<!-- title tag start -->\n                                    <h4 class=\"ha-list-title\">\n                                        Servi\u00e7os complementares e interligados                                                                            <\/h4>\n\t\t\t\t\t\t\t\t\t<!-- title tag end -->\n\n                                                                    <p class=\"ha-list-detail\">\n                                        Para uma gest\u00e3o de servi\u00e7os integrada e eficaz.                                    <\/p>\n                                                            <\/div>\n\n                                                            <div class=\"ha-direction\">\n\t\t\t\t\t\t\t\t\t<i aria-hidden=\"true\" class=\"hm hm-play-next\"><\/i>                                <\/div>\n                            \n                        <\/div>\n\n                    \n                <\/li>\n\n            \n                <li class=\"ha-list-item  elementor-repeater-item-e2cd9b7\">\n\n                    \n                        <div class=\"ha-item-wrap\">\n\n\t\t\t\t\t\t\t                                <div class=\"ha-icon icon\">\n\t\t\t\t\t\t\t\t\t<i aria-hidden=\"true\" class=\"fas fa-check\"><\/i>                                <\/div>\n\n                            \n                            <div class=\"ha-text\">\n\t\t\t\t\t\t\t\t\t<!-- title tag start -->\n                                    <h4 class=\"ha-list-title\">\n                                        Excel\u00eancia e qualidade                                                                            <\/h4>\n\t\t\t\t\t\t\t\t\t<!-- title tag end -->\n\n                                                                    <p class=\"ha-list-detail\">\n                                        Presta\u00e7\u00e3o dos servi\u00e7os por profissionais treinados e especializados.                                    <\/p>\n                                                            <\/div>\n\n                                                            <div class=\"ha-direction\">\n\t\t\t\t\t\t\t\t\t<i aria-hidden=\"true\" class=\"hm hm-play-next\"><\/i>                                <\/div>\n                            \n                        <\/div>\n\n                    \n                <\/li>\n\n            \n                <li class=\"ha-list-item  elementor-repeater-item-aba03f2\">\n\n                    \n                        <div class=\"ha-item-wrap\">\n\n\t\t\t\t\t\t\t                                <div class=\"ha-icon icon\">\n\t\t\t\t\t\t\t\t\t<i aria-hidden=\"true\" class=\"fas fa-check\"><\/i>                                <\/div>\n\n                            \n                            <div class=\"ha-text\">\n\t\t\t\t\t\t\t\t\t<!-- title tag start -->\n                                    <h4 class=\"ha-list-title\">\n                                        Equipe selecionada de acordo com o perfil de cada cliente                                                                            <\/h4>\n\t\t\t\t\t\t\t\t\t<!-- title tag end -->\n\n                                                                    <p class=\"ha-list-detail\">\n                                        Profissionais s\u00e3o selecionados dentro do perfil adequado para cada empresa.                                    <\/p>\n                                                            <\/div>\n\n                                                            <div class=\"ha-direction\">\n\t\t\t\t\t\t\t\t\t<i aria-hidden=\"true\" class=\"hm hm-play-next\"><\/i>                                <\/div>\n                            \n                        <\/div>\n\n                    \n                <\/li>\n\n                    <\/ul>\n\n        \t\t<\/div>\n\t\t\t\t<\/div>\n\t\t<\/div><div class=\"elementor-element elementor-element-4328cd8 e-container--column e-container\" data-id=\"4328cd8\" data-element_type=\"container\">\t\t\t\t<div class=\"elementor-element elementor-element-6121c74 elementor-widget elementor-widget-image\" data-id=\"6121c74\" data-element_type=\"widget\" data-widget_type=\"image.default\">\n\t\t\t\t<div class=\"elementor-widget-container\">\n\t\t\t<style>\/*! elementor - v3.7.7 - 20-09-2022 *\/\n.elementor-widget-image{text-align:center}.elementor-widget-image a{display:inline-block}.elementor-widget-image a img[src$=\".svg\"]{width:48px}.elementor-widget-image img{vertical-align:middle;display:inline-block}<\/style>\t\t\t\t\t\t\t\t\t\t\t\t<img loading=\"lazy\" decoding=\"async\" width=\"800\" height=\"265\" src=\"https:\/\/topservicerj.com.br\/wp-content\/uploads\/2022\/10\/equipe.png\" class=\"attachment-large size-large\" alt=\"\" srcset=\"https:\/\/topservicerj.com.br\/wp-content\/uploads\/2022\/10\/equipe.png 800w, https:\/\/topservicerj.com.br\/wp-content\/uploads\/2022\/10\/equipe-300x99.png 300w, https:\/\/topservicerj.com.br\/wp-content\/uploads\/2022\/10\/equipe-768x254.png 768w, https:\/\/topservicerj.com.br\/wp-content\/uploads\/2022\/10\/equipe-720x239.png 720w\" sizes=\"auto, (max-width: 800px) 100vw, 800px\" \/>\t\t\t\t\t\t\t\t\t\t\t\t\t\t\t<\/div>\n\t\t\t\t<\/div>\n\t\t<\/div>\t\t\t\t\t<\/div>\n\t\t","protected":false},"excerpt":{"rendered":"<p>O que faz um TOP SERVICE O vigia \u00e9 respons\u00e1vel pelo controle e pela seguran\u00e7a da entrada e sa\u00edda de seu condom\u00ednio ou sua edifica\u00e7\u00e3o. Por isso, selecionamos profissionais certificados e com o perfil necess\u00e1rio para manter o controle de qualidade da sua edifica\u00e7\u00e3o, trazendo, desse modo, seguran\u00e7a e um ambiente perfeito para o p\u00fablico [&hellip;]<\/p>\n","protected":false},"author":1,"featured_media":0,"parent":0,"menu_order":0,"comment_status":"closed","ping_status":"closed","template":"","meta":{"footnotes":""},"class_list":["post-2313","page","type-page","status-publish","hentry"],"_links":{"self":[{"href":"https:\/\/topservicerj.com.br\/index.php?rest_route=\/wp\/v2\/pages\/2313","targetHints":{"allow":["GET"]}}],"collection":[{"href":"https:\/\/topservicerj.com.br\/index.php?rest_route=\/wp\/v2\/pages"}],"about":[{"href":"https:\/\/topservicerj.com.br\/index.php?rest_route=\/wp\/v2\/types\/page"}],"author":[{"embeddable":true,"href":"https:\/\/topservicerj.com.br\/index.php?rest_route=\/wp\/v2\/users\/1"}],"replies":[{"embeddable":true,"href":"https:\/\/topservicerj.com.br\/index.php?rest_route=%2Fwp%2Fv2%2Fcomments&post=2313"}],"version-history":[{"count":58,"href":"https:\/\/topservicerj.com.br\/index.php?rest_route=\/wp\/v2\/pages\/2313\/revisions"}],"predecessor-version":[{"id":2649,"href":"https:\/\/topservicerj.com.br\/index.php?rest_route=\/wp\/v2\/pages\/2313\/revisions\/2649"}],"wp:attachment":[{"href":"https:\/\/topservicerj.com.br\/index.php?rest_route=%2Fwp%2Fv2%2Fmedia&parent=2313"}],"curies":[{"name":"wp","href":"https:\/\/api.w.org\/{rel}","templated":true}]}}