{"id":1518,"date":"2022-10-10T14:04:02","date_gmt":"2022-10-10T17:04:02","guid":{"rendered":"https:\/\/topservicerj.com.br\/?page_id=1518"},"modified":"2022-11-11T12:56:32","modified_gmt":"2022-11-11T15:56:32","slug":"quem-somos","status":"publish","type":"page","link":"https:\/\/topservicerj.com.br\/?page_id=1518","title":{"rendered":"Quem somos"},"content":{"rendered":"\t\t<div data-elementor-type=\"wp-page\" data-elementor-id=\"1518\" class=\"elementor elementor-1518\">\n\t\t\t\t\t\t\t<div class=\"elementor-element elementor-element-c365cde e-container--column e-container\" data-id=\"c365cde\" data-element_type=\"container\">\t\t\t\t<div class=\"elementor-element elementor-element-40d6516 elementor-widget elementor-widget-iheading\" data-id=\"40d6516\" data-element_type=\"widget\" data-widget_type=\"iheading.default\">\n\t\t\t\t<div class=\"elementor-widget-container\">\n\t\t\t\t\t<div class=\"ot-heading\">\r\n\t        \t            <span>\/\/ grupo top service<\/span>\r\n\t        <h2 class=\"main-heading\">Solu\u00e7\u00f5es em Automa\u00e7\u00e3o e Servi\u00e7os<\/h2>\t    <\/div>\r\n\t    \t\t<\/div>\n\t\t\t\t<\/div>\n\t\t\t\t<div class=\"elementor-element elementor-element-2c9b2fc elementor-widget elementor-widget-text-editor\" data-id=\"2c9b2fc\" data-element_type=\"widget\" data-widget_type=\"text-editor.default\">\n\t\t\t\t<div class=\"elementor-widget-container\">\n\t\t\t<style>\/*! elementor - v3.7.7 - 20-09-2022 *\/\n.elementor-widget-text-editor.elementor-drop-cap-view-stacked .elementor-drop-cap{background-color:#818a91;color:#fff}.elementor-widget-text-editor.elementor-drop-cap-view-framed .elementor-drop-cap{color:#818a91;border:3px solid;background-color:transparent}.elementor-widget-text-editor:not(.elementor-drop-cap-view-default) .elementor-drop-cap{margin-top:8px}.elementor-widget-text-editor:not(.elementor-drop-cap-view-default) .elementor-drop-cap-letter{width:1em;height:1em}.elementor-widget-text-editor .elementor-drop-cap{float:left;text-align:center;line-height:1;font-size:50px}.elementor-widget-text-editor .elementor-drop-cap-letter{display:inline-block}<\/style>\t\t\t\t<p class=\"font_8\">A excel\u00eancia do produto reflete apenas um componente do compromisso da <strong>Top Service<\/strong>. Fornecemos atendimento aos nossos clientes apoiados por amplos recursos de servi\u00e7os t\u00e9cnicos, desenhos de solu\u00e7\u00f5es, programas abrangentes de treinamento e suporte t\u00e9cnico customizados. Ao fornecer tecnologias comprovadas e servi\u00e7os de amplo valor agregado, a\u00a0<b>Top Service<\/b>\u00a0oferece uma base s\u00f3lida para solu\u00e7\u00f5es integradas de seguran\u00e7a patrimonial a longo prazo. A reputa\u00e7\u00e3o da\u00a0<b>Top Service<\/b>\u00a0foi constru\u00edda por aqueles a quem atendemos. Voc\u00ea, nosso cliente, \u00e9 nosso ativo mais importante.<\/p><h4 class=\"font_0\"><span class=\"color_30\">Sua seguran\u00e7a em primeiro lugar<\/span><\/h4><p>Os anos foram marcados pela consolida\u00e7\u00e3o da empresa no segmento de seguran\u00e7a e telecomunica\u00e7\u00e3o condominial, e nos tornamos l\u00edderes no segmento. A crise de 2020 representou a busca por maior conex\u00e3o e proximidade com as pessoas, algo que est\u00e1 em total sincronia com nossa filosofia at\u00e9 hoje. Nossa trajet\u00f3ria at\u00e9 aqui foi inovadora e inspiradora, vimos a inova\u00e7\u00e3o , que faz parte do nosso DNA, cada vez mais presente em nosso dia a dia. E s\u00f3 \u00e9 possivel escrever uma hist\u00f3ria t\u00e3o cheia de conquista porque colaboradores, parceiros e cliente estiveram pr\u00f3ximos e acreditaram em n\u00f3s.<\/p>\t\t\t\t\t\t<\/div>\n\t\t\t\t<\/div>\n\t\t<\/div><div class=\"elementor-element elementor-element-2343129 e-container--column e-container\" data-id=\"2343129\" data-element_type=\"container\">\t\t\t\t<div data-ha-element-link=\"{&quot;url&quot;:&quot;https:\\\/\\\/topservicerj.com.br\\\/?page_id=1522&quot;,&quot;is_external&quot;:&quot;&quot;,&quot;nofollow&quot;:&quot;&quot;,&quot;custom_attributes&quot;:&quot;&quot;}\" style=\"cursor: pointer\" class=\"elementor-element elementor-element-6fafdbc elementor-widget elementor-widget-iserv_box\" data-id=\"6fafdbc\" data-element_type=\"widget\" data-widget_type=\"iserv_box.default\">\n\t\t\t\t<div class=\"elementor-widget-container\">\n\t\t\t\r\n\t\t<div class=\"serv-box s1 elementor-animation-\">\r\n\t\t\t\t\t\t<div class=\"icon-main\">\r\n\t\t        <i aria-hidden=\"true\" class=\"far fa-comments\"><\/i>\t\t\t    \t\t        \t        <\/div>\r\n\t        <div class=\"content-box\">\r\n\t            <h5>Seu condom\u00ednio mais moderno e seguro \u00e9 com o Grupo Top Service<\/h5>\r\n\t            <div>Preencha os dados e um consultor na sua cidade entrar\u00e1 em contato o mais breve poss\u00edvel para montar seu or\u00e7amento.<ul><li><a href=\"#\">Entre em contato hoje mesmo<\/a><\/li>\n\t\t\t\t<\/ul><\/div>\t        <\/div>\r\n\t    <\/div>\r\n\r\n\t    \t\t<\/div>\n\t\t\t\t<\/div>\n\t\t<\/div><div class=\"elementor-element elementor-element-3f0f4683 e-container--column e-container\" data-id=\"3f0f4683\" data-element_type=\"container\" data-settings=\"{&quot;background_background&quot;:&quot;classic&quot;,&quot;shape_divider_top&quot;:&quot;mountains&quot;}\">\t\t\t\t<div class=\"elementor-shape elementor-shape-top\" data-negative=\"false\">\n\t\t\t<svg xmlns=\"http:\/\/www.w3.org\/2000\/svg\" viewBox=\"0 0 1000 100\" preserveAspectRatio=\"none\">\n\t<path class=\"elementor-shape-fill\" opacity=\"0.33\" d=\"M473,67.3c-203.9,88.3-263.1-34-320.3,0C66,119.1,0,59.7,0,59.7V0h1000v59.7 c0,0-62.1,26.1-94.9,29.3c-32.8,3.3-62.8-12.3-75.8-22.1C806,49.6,745.3,8.7,694.9,4.7S492.4,59,473,67.3z\"\/>\n\t<path class=\"elementor-shape-fill\" opacity=\"0.66\" d=\"M734,67.3c-45.5,0-77.2-23.2-129.1-39.1c-28.6-8.7-150.3-10.1-254,39.1 s-91.7-34.4-149.2,0C115.7,118.3,0,39.8,0,39.8V0h1000v36.5c0,0-28.2-18.5-92.1-18.5C810.2,18.1,775.7,67.3,734,67.3z\"\/>\n\t<path class=\"elementor-shape-fill\" d=\"M766.1,28.9c-200-57.5-266,65.5-395.1,19.5C242,1.8,242,5.4,184.8,20.6C128,35.8,132.3,44.9,89.9,52.5C28.6,63.7,0,0,0,0 h1000c0,0-9.9,40.9-83.6,48.1S829.6,47,766.1,28.9z\"\/>\n<\/svg>\t\t<\/div>\n\t\t\t\t<div class=\"elementor-element elementor-element-4ac9bd63 elementor-widget elementor-widget-ha-sticky-video happy-addon ha-sticky-video happy-addon-pro\" data-id=\"4ac9bd63\" data-element_type=\"widget\" data-widget_type=\"ha-sticky-video.default\">\n\t\t\t\t<div class=\"elementor-widget-container\">\n\t\t\t        <div class=\"ha-sticky-video-wrap ha-sticky-video-sticky-on\" data-ha-player=\"{&quot;autoplay&quot;:false,&quot;sticky&quot;:true,&quot;overlay&quot;:false,&quot;play_icon&quot;:false}\">\n                        <div class=\"ha-sticky-video-box\">\n                                    <span class=\"ha-sticky-video-close\"><i class=\"fas fa-times\"><\/i><\/span>\n                                <video id=\"ha-sticky-video-player-4ac9bd63\" playsinline=\"\" controls=\"\" data-plyr-config=\"{&quot;autoplay&quot;:false,&quot;muted&quot;:false,&quot;ratio&quot;:null,&quot;loop&quot;:{&quot;active&quot;:false}}\"><source id=\"ha-sticky-video-player-4ac9bd63\" src=\"https:\/\/topservicerj.com.br\/wp-content\/uploads\/2022\/11\/Video-do-WhatsApp-de-2022-11-11-as-10.34.28.mp4\" type=\"video\/mp4\"\/><\/video>            <\/div>\n        <\/div>\n        \t\t<\/div>\n\t\t\t\t<\/div>\n\t\t<\/div><div class=\"elementor-element elementor-element-1652672 e-container--row e-container\" data-id=\"1652672\" data-element_type=\"container\">\t\t\t\t<div class=\"elementor-element elementor-element-04af293 elementor-position-top elementor-widget__width-initial elementor-view-default elementor-mobile-position-top elementor-vertical-align-top elementor-widget elementor-widget-icon-box\" data-id=\"04af293\" data-element_type=\"widget\" data-widget_type=\"icon-box.default\">\n\t\t\t\t<div class=\"elementor-widget-container\">\n\t\t\t<link rel=\"stylesheet\" href=\"https:\/\/topservicerj.com.br\/wp-content\/plugins\/elementor\/assets\/css\/widget-icon-box.min.css\">\t\t<div class=\"elementor-icon-box-wrapper\">\n\t\t\t\t\t\t<div class=\"elementor-icon-box-icon\">\n\t\t\t\t<span class=\"elementor-icon elementor-animation-\" >\n\t\t\t\t<i aria-hidden=\"true\" class=\"fas fa-compass\"><\/i>\t\t\t\t<\/span>\n\t\t\t<\/div>\n\t\t\t\t\t\t<div class=\"elementor-icon-box-content\">\n\t\t\t\t<h3 class=\"elementor-icon-box-title\">\n\t\t\t\t\t<span  >\n\t\t\t\t\t\tFUN\u00c7\u00d5ES DE EMERG\u00caNCIA\t\t\t\t\t<\/span>\n\t\t\t\t<\/h3>\n\t\t\t\t\t\t\t\t\t<p class=\"elementor-icon-box-description\">\n\t\t\t\t\t\tCada morador tem um bot\u00e3o de emerg\u00eancia em sua resid\u00eancia. Al\u00e9m disso, o sistema e os monitores est\u00e3o preparados para identificar portas abertas, arrombamentos e inc\u00eandios.\t\t\t\t\t<\/p>\n\t\t\t\t\t\t\t<\/div>\n\t\t<\/div>\n\t\t\t\t<\/div>\n\t\t\t\t<\/div>\n\t\t\t\t<div class=\"elementor-element elementor-element-2c886f5 elementor-position-top elementor-widget__width-initial elementor-view-default elementor-mobile-position-top elementor-vertical-align-top elementor-widget elementor-widget-icon-box\" data-id=\"2c886f5\" data-element_type=\"widget\" data-widget_type=\"icon-box.default\">\n\t\t\t\t<div class=\"elementor-widget-container\">\n\t\t\t\t\t<div class=\"elementor-icon-box-wrapper\">\n\t\t\t\t\t\t<div class=\"elementor-icon-box-icon\">\n\t\t\t\t<span class=\"elementor-icon elementor-animation-\" >\n\t\t\t\t<i aria-hidden=\"true\" class=\"fas fa-clock\"><\/i>\t\t\t\t<\/span>\n\t\t\t<\/div>\n\t\t\t\t\t\t<div class=\"elementor-icon-box-content\">\n\t\t\t\t<h3 class=\"elementor-icon-box-title\">\n\t\t\t\t\t<span  >\n\t\t\t\t\t\tCONTROLE 24H\t\t\t\t\t<\/span>\n\t\t\t\t<\/h3>\n\t\t\t\t\t\t\t\t\t<p class=\"elementor-icon-box-description\">\n\t\t\t\t\t\tTodas as entradas e sa\u00eddas s\u00e3o registradas no seu aplicativo, e nossa equipe de monitores est\u00e1 dispon\u00edvel 24h para melhor lhe atender.\t\t\t\t\t<\/p>\n\t\t\t\t\t\t\t<\/div>\n\t\t<\/div>\n\t\t\t\t<\/div>\n\t\t\t\t<\/div>\n\t\t\t\t<div class=\"elementor-element elementor-element-d90545b elementor-position-top elementor-view-default elementor-mobile-position-top elementor-vertical-align-top elementor-widget elementor-widget-icon-box\" data-id=\"d90545b\" data-element_type=\"widget\" data-widget_type=\"icon-box.default\">\n\t\t\t\t<div class=\"elementor-widget-container\">\n\t\t\t\t\t<div class=\"elementor-icon-box-wrapper\">\n\t\t\t\t\t\t<div class=\"elementor-icon-box-icon\">\n\t\t\t\t<span class=\"elementor-icon elementor-animation-\" >\n\t\t\t\t<i aria-hidden=\"true\" class=\"fas fa-video\"><\/i>\t\t\t\t<\/span>\n\t\t\t<\/div>\n\t\t\t\t\t\t<div class=\"elementor-icon-box-content\">\n\t\t\t\t<h3 class=\"elementor-icon-box-title\">\n\t\t\t\t\t<span  >\n\t\t\t\t\t\tACESSO \u00c0S C\u00c2MERAS\t\t\t\t\t<\/span>\n\t\t\t\t<\/h3>\n\t\t\t\t\t\t\t\t\t<p class=\"elementor-icon-box-description\">\n\t\t\t\t\t\tCom o aplicativo instalado no seu celular, voc\u00ea visualiza todas as c\u00e2meras dos acessos monitorados pelo sistema. \u00c9 mais seguran\u00e7a na palma da sua m\u00e3o.\t\t\t\t\t<\/p>\n\t\t\t\t\t\t\t<\/div>\n\t\t<\/div>\n\t\t\t\t<\/div>\n\t\t\t\t<\/div>\n\t\t\t\t<div class=\"elementor-element elementor-element-9e65201 elementor-position-top elementor-view-default elementor-mobile-position-top elementor-vertical-align-top elementor-widget elementor-widget-icon-box\" data-id=\"9e65201\" data-element_type=\"widget\" data-widget_type=\"icon-box.default\">\n\t\t\t\t<div class=\"elementor-widget-container\">\n\t\t\t\t\t<div class=\"elementor-icon-box-wrapper\">\n\t\t\t\t\t\t<div class=\"elementor-icon-box-icon\">\n\t\t\t\t<span class=\"elementor-icon elementor-animation-\" >\n\t\t\t\t<i aria-hidden=\"true\" class=\"fas fa-vials\"><\/i>\t\t\t\t<\/span>\n\t\t\t<\/div>\n\t\t\t\t\t\t<div class=\"elementor-icon-box-content\">\n\t\t\t\t<h3 class=\"elementor-icon-box-title\">\n\t\t\t\t\t<span  >\n\t\t\t\t\t\tCONTROLE ANTI-CLONAGEM\t\t\t\t\t<\/span>\n\t\t\t\t<\/h3>\n\t\t\t\t\t\t\t\t\t<p class=\"elementor-icon-box-description\">\n\t\t\t\t\t\tPara a entrada e sa\u00edda de ve\u00edculos do condom\u00ednio, voc\u00ea tem em m\u00e3os o controle anti-clonagem, que evita invas\u00f5es, caso o controle seja roubado.\t\t\t\t\t<\/p>\n\t\t\t\t\t\t\t<\/div>\n\t\t<\/div>\n\t\t\t\t<\/div>\n\t\t\t\t<\/div>\n\t\t<\/div>\t\t\t\t\t<\/div>\n\t\t","protected":false},"excerpt":{"rendered":"<p>\/\/ grupo top service Solu\u00e7\u00f5es em Automa\u00e7\u00e3o e Servi\u00e7os A excel\u00eancia do produto reflete apenas um componente do compromisso da Top Service. Fornecemos atendimento aos nossos clientes apoiados por amplos recursos de servi\u00e7os t\u00e9cnicos, desenhos de solu\u00e7\u00f5es, programas abrangentes de treinamento e suporte t\u00e9cnico customizados. Ao fornecer tecnologias comprovadas e servi\u00e7os de amplo valor agregado, [&hellip;]<\/p>\n","protected":false},"author":1,"featured_media":0,"parent":0,"menu_order":0,"comment_status":"closed","ping_status":"closed","template":"","meta":{"footnotes":""},"class_list":["post-1518","page","type-page","status-publish","hentry"],"_links":{"self":[{"href":"https:\/\/topservicerj.com.br\/index.php?rest_route=\/wp\/v2\/pages\/1518","targetHints":{"allow":["GET"]}}],"collection":[{"href":"https:\/\/topservicerj.com.br\/index.php?rest_route=\/wp\/v2\/pages"}],"about":[{"href":"https:\/\/topservicerj.com.br\/index.php?rest_route=\/wp\/v2\/types\/page"}],"author":[{"embeddable":true,"href":"https:\/\/topservicerj.com.br\/index.php?rest_route=\/wp\/v2\/users\/1"}],"replies":[{"embeddable":true,"href":"https:\/\/topservicerj.com.br\/index.php?rest_route=%2Fwp%2Fv2%2Fcomments&post=1518"}],"version-history":[{"count":39,"href":"https:\/\/topservicerj.com.br\/index.php?rest_route=\/wp\/v2\/pages\/1518\/revisions"}],"predecessor-version":[{"id":2659,"href":"https:\/\/topservicerj.com.br\/index.php?rest_route=\/wp\/v2\/pages\/1518\/revisions\/2659"}],"wp:attachment":[{"href":"https:\/\/topservicerj.com.br\/index.php?rest_route=%2Fwp%2Fv2%2Fmedia&parent=1518"}],"curies":[{"name":"wp","href":"https:\/\/api.w.org\/{rel}","templated":true}]}}